{"id":352,"date":"2014-05-14T20:06:09","date_gmt":"2014-05-14T18:06:09","guid":{"rendered":"http:\/\/tus-jahn-hilfarth.de\/?page_id=352"},"modified":"2018-02-01T17:12:11","modified_gmt":"2018-02-01T16:12:11","slug":"impressum","status":"publish","type":"page","link":"http:\/\/archiv.tus-jahn-hilfarth.de\/index.php\/impressum\/","title":{"rendered":"Impressum"},"content":{"rendered":"<p><strong>TuS &#8220;Jahn&#8221; Hilfarth 1920 e.V.<\/strong><\/p>\n<h6>Vorstand<\/h6>\n<p>Dirk Hermsmeier, Arndt Holten, Christoph Hensen, Ren\u00e9 G\u00f6rtz, Stephanie Schmitz-G\u00f6rres, Patrick Indorf, Mario Hettkamp, Sascha Koch, J\u00fcrgen Meuser, Sigrun Hensen<\/p>\n<h6>Ladungsf\u00e4hige Anschrift<\/h6>\n<p>Christoph Hensen<br \/>\nZum Feldchen 8<br \/>\n41836 H\u00fcckelhoven<\/p>\n<h6>Redaktion<\/h6>\n<p>Steffi Schmitz-G\u00f6rres, Christoph Hensen<\/p>\n<h6>Bildmaterial<\/h6>\n<p>Soweit nicht anders angegeben, k\u00f6nnen alle Fotografien zu redaktionellen Zwecken verwendet werden, sofern der TuS Jahn Hilfarth bzw.\u00a0die jeweiligen Fotografen als Quelle genannt\u00a0werden.<\/p>\n<h6>Haftungsausschluss<\/h6>\n<p style=\"color: #222222;\">Wir geben uns mit dieser Webpr\u00e4senz gr\u00f6\u00dfte M\u00fche, f\u00fcr die Richtigkeit sowie Vollst\u00e4ndigkeit der Inhalte k\u00f6nnen wir trotzdem keine Gew\u00e4hr bieten.<\/p>\n<p style=\"color: #222222;\">F\u00fcr den Fall, dass Sie von unserer Seite\u00a0auf eine andere Website mit rechtswidrigen Inhalt gelangen, so wird daf\u00fcr von uns keinerlei Haftung \u00fcbernommen. Sollten Sie Kenntnis von solchen Verlinkungen erhalten,\u00a0teilen Sie uns dies bitte mit.<\/p>\n<h6 style=\"color: #222222;\">G\u00fcltigkeit<\/h6>\n<p>Dieses Impressum gilt auch f\u00fcr unsere <a href=\"https:\/\/www.facebook.com\/tusjahn\" target=\"_blank\" rel=\"noopener\">Facebook-Seite<\/a>, die Website des wepStrom-Laufs\u00a0und f\u00fcr \u2013 soweit ausgewiesen \u2013 einige\u00a0Druckerzeugnisse des Vereins.<\/p>\n","protected":false},"excerpt":{"rendered":"<p>TuS &#8220;Jahn&#8221; Hilfarth 1920 e.V. Vorstand Dirk Hermsmeier, Arndt Holten, Christoph Hensen, Ren\u00e9 G\u00f6rtz, Stephanie Schmitz-G\u00f6rres, Patrick Indorf, Mario Hettkamp, Sascha Koch, J\u00fcrgen Meuser, Sigrun Hensen Ladungsf\u00e4hige Anschrift Christoph Hensen Zum Feldchen 8 41836 H\u00fcckelhoven Redaktion Steffi Schmitz-G\u00f6rres, Christoph Hensen Bildmaterial Soweit nicht anders angegeben, k\u00f6nnen alle Fotografien zu redaktionellen Zwecken verwendet werden, sofern der [&hellip;]<\/p>\n","protected":false},"author":1,"featured_media":0,"parent":0,"menu_order":0,"comment_status":"closed","ping_status":"closed","template":"","meta":[],"wps_subtitle":"","_links":{"self":[{"href":"http:\/\/archiv.tus-jahn-hilfarth.de\/index.php\/wp-json\/wp\/v2\/pages\/352"}],"collection":[{"href":"http:\/\/archiv.tus-jahn-hilfarth.de\/index.php\/wp-json\/wp\/v2\/pages"}],"about":[{"href":"http:\/\/archiv.tus-jahn-hilfarth.de\/index.php\/wp-json\/wp\/v2\/types\/page"}],"author":[{"embeddable":true,"href":"http:\/\/archiv.tus-jahn-hilfarth.de\/index.php\/wp-json\/wp\/v2\/users\/1"}],"replies":[{"embeddable":true,"href":"http:\/\/archiv.tus-jahn-hilfarth.de\/index.php\/wp-json\/wp\/v2\/comments?post=352"}],"version-history":[{"count":41,"href":"http:\/\/archiv.tus-jahn-hilfarth.de\/index.php\/wp-json\/wp\/v2\/pages\/352\/revisions"}],"predecessor-version":[{"id":10524,"href":"http:\/\/archiv.tus-jahn-hilfarth.de\/index.php\/wp-json\/wp\/v2\/pages\/352\/revisions\/10524"}],"wp:attachment":[{"href":"http:\/\/archiv.tus-jahn-hilfarth.de\/index.php\/wp-json\/wp\/v2\/media?parent=352"}],"curies":[{"name":"wp","href":"https:\/\/api.w.org\/{rel}","templated":true}]}}