{"id":460,"date":"2014-05-15T10:32:25","date_gmt":"2014-05-15T08:32:25","guid":{"rendered":"http:\/\/tus-jahn-hilfarth.de\/?page_id=460"},"modified":"2018-02-27T15:24:29","modified_gmt":"2018-02-27T14:24:29","slug":"turnen-3","status":"publish","type":"page","link":"http:\/\/archiv.tus-jahn-hilfarth.de\/index.php\/turnen-3\/","title":{"rendered":"Turnen"},"content":{"rendered":"<h3 class=\"widget-title\">Gruppen<\/h3>\n<h5><i class=\"icon-minus primary-color\"><\/i><i class=\"icon-plus\"><\/i>Frauen<\/h5>\n<p>&nbsp;<\/p>\n<h5><i class=\"icon-minus primary-color\"><\/i><i class=\"icon-plus\"><\/i>Spielgruppe<\/h5>\n<p>Was ist Kindern zwischen 2 1\/2 und 5 Jahren wichtig? Spielen, Bewegung und Spa\u00df!<\/p>\n<p>Das alles finden die Spielkinder des TuS Jahn Hilfarth dienstags zwischen 16 und 17 Uhr in der Sporthalle Callstra\u00dfe.<br \/>\nUnter der neuen F\u00fchrung von \u00dcbungsleiterin Silke Hermsmeier-Dohmen wird in Zusammenarbeit mit ihren Kolleginnen Elke Tomalla, Sefanie Bernecker und Stephanie Vogel, jede Woche ein spannender Parcours aufgebaut. Zusammen gesetzt aus den verschiedenen Hallenger\u00e4ten und Alltagsmaterialen sieht dieser jede Woche anders aus.<br \/>\nAn den Ringen oder Seilen hangeln sich die Kleinen schon im &#8220;Freilufttraining&#8221; knapp \u00fcber den Boden. K\u00e4sten und Schwebebalken helfen den Kindern Vertrauen in ihren K\u00f6rper zu entwickeln. Der spielerisch erlernte Gleichgewichtssinn st\u00e4rkt die Kinder k\u00f6rperlich, aber auch insbesondere in ihrem Selbstbewusstsein. Dadurch trauen sie sich dann wieder weitere Fertigkeiten zu.<br \/>\nDass sie sich diese Fertigkeiten auch au\u00dferhalb der \u00dcbungsstunde trauen, wird \u00fcber eine liebevolle Zusammenf\u00fchrung von h\u00e4uslichen Elementen und dem Sport erreicht. So ist es selbstverst\u00e4ndlich, dass immer wieder mal auch das eigene Kuscheltier &#8220;Sport machen&#8221; muss und mitgebracht wird. Das j\u00e4hrliche Bobbycar-Rennen vor den Sommerferien ist schon zur Tradition geworden.<br \/>\nDamit die Kinder aber auch lernen, dass Ruhe und Entspannung zur Ausgeglichenheit dazu geh\u00f6ren, werden Singspiele und Entspannungs\u00fcbungen immer wieder mal durchgef\u00fchrt.<\/p>\n<p>Nach den Sommerferien werden gerne wieder Anmeldungen entgegen genommen. Zum Schnuppern bringt bitte Stoppersocken mit.<\/p>\n<p>Wir bitten um telefonische Kontaktaufnahme.<\/p>\n<p>Turnzeiten: Dienstags 16 Uhr bis 17 Uhr (nicht in den Ferien)<br \/>\nAlter: von 3 bis 5 Jahren<\/p>\n<h5><i class=\"icon-minus primary-color\"><\/i><i class=\"icon-plus\"><\/i>Kinderturnen<\/h5>\n<p>Donnerstags um 16 Uhr treffen sich Heidi und Kerstin und nehmen ihre Gruppe bis zu 33 Kindern zwischen 3 1\/2 und 10 Jahren in Empfang.<br \/>\nSpielerisch lernen die Kinder dort Vertrauen in ihren eigenen K\u00f6rper zu entwickeln. Der Stufenbarren schult die Kraft, \u00dcbungen auf dem Schwebebalken geben den Kindern Zuversicht, ihrem Gleichgewichtssinn zu vertrauen.<br \/>\nViel Wert legt die Abteilungsleiterin Heidi Dolczewski darauf, dass hier nicht unbedingt Leistungssportler gro\u00df gezogen werden, sondern Kinder, die best\u00e4ndig Spa\u00df an der Bewegung haben und ihre Erfolge \u00fcber erlangte Bewegungskompetenzen erzielen.<br \/>\nDass die Ideen nicht ausgehen, daf\u00fcr sorgt auch ihre Kollegin Kerstin Esser. Mit verschiedensten Materialen, wie Reifen, B\u00e4llen, Matten, Kegel und Seilen sorgen die beiden Woche f\u00fcr Woche daf\u00fcr, dass die \u00dcbungsstunden nicht langweilig werden.<br \/>\nNachdem vor einigen Jahren die Gruppe mit fast ausschlie\u00dflich Hilfarther Kindern best\u00fcckt war, ist die Gruppe mittlerweile mit Kindern aus dem ganzen H\u00fcckelhovener Stadtgebiet besetzt. Das spricht daf\u00fcr, dass sich herum spricht, wo man viel Spa\u00df beim Turnen haben kann.<br \/>\nWer die Gruppe kennen lernen m\u00f6chte, ist Donnerstags von 16 Uhr bis 17 Uhr herzlich in die Sporthalle an der Callstra\u00dfe eingeladen. Bitte bringt Stoppersocken und bequeme Kleidung mit.<\/p>\n<h3 class=\"widget-title\">Trainerinnen<\/h3>\n<p><b>Frauen-Gruppe<\/b><\/p>\n<p>Wilma H\u00fclkenberg<br \/>\nLachend 10<br \/>\n41836 H\u00fcckelhoven<br \/>\nTel.: 02433\/41350<\/p>\n<p><b>Kinderturnen<\/b><\/p>\n<p>Heidi Dolczewski<br \/>\nLeonhardstra\u00dfe 11<br \/>\n41836 H\u00fcckelhoven<br \/>\nTel.: 02433\/43617<br \/>\nMobil: 0177\/7705322<\/p>\n<p>Kerstin Esser<br \/>\nDechant-Heidenthal-Str. 52<br \/>\n41836 H\u00fcckelhoven<br \/>\nTel.: 02433\/41658<\/p>\n<p><b>Spielgruppe<\/b><\/p>\n<p>Silke Hermsmeier-Dohmen<br \/>\nLachend 12<br \/>\n41836 H\u00fcckelhoven<br \/>\nTel.: 02433-4425706<br \/>\nMobil: 0173-2645039<br \/>\nemail: silke_mys@web.de<\/p>\n<p>Stephanie Vogel<br \/>\nMahrweg 50<br \/>\n41836 H\u00fcckelhoven<br \/>\nTel.: 02433-525785<\/p>\n","protected":false},"excerpt":{"rendered":"<p>Gruppen Frauen &nbsp; Spielgruppe Was ist Kindern zwischen 2 1\/2 und 5 Jahren wichtig? Spielen, Bewegung und Spa\u00df! Das alles finden die Spielkinder des TuS Jahn Hilfarth dienstags zwischen 16 und 17 Uhr in der Sporthalle Callstra\u00dfe. Unter der neuen F\u00fchrung von \u00dcbungsleiterin Silke Hermsmeier-Dohmen wird in Zusammenarbeit mit ihren Kolleginnen Elke Tomalla, Sefanie Bernecker [&hellip;]<\/p>\n","protected":false},"author":1,"featured_media":0,"parent":0,"menu_order":0,"comment_status":"closed","ping_status":"closed","template":"page-team.php","meta":[],"wps_subtitle":"","_links":{"self":[{"href":"http:\/\/archiv.tus-jahn-hilfarth.de\/index.php\/wp-json\/wp\/v2\/pages\/460"}],"collection":[{"href":"http:\/\/archiv.tus-jahn-hilfarth.de\/index.php\/wp-json\/wp\/v2\/pages"}],"about":[{"href":"http:\/\/archiv.tus-jahn-hilfarth.de\/index.php\/wp-json\/wp\/v2\/types\/page"}],"author":[{"embeddable":true,"href":"http:\/\/archiv.tus-jahn-hilfarth.de\/index.php\/wp-json\/wp\/v2\/users\/1"}],"replies":[{"embeddable":true,"href":"http:\/\/archiv.tus-jahn-hilfarth.de\/index.php\/wp-json\/wp\/v2\/comments?post=460"}],"version-history":[{"count":38,"href":"http:\/\/archiv.tus-jahn-hilfarth.de\/index.php\/wp-json\/wp\/v2\/pages\/460\/revisions"}],"predecessor-version":[{"id":10588,"href":"http:\/\/archiv.tus-jahn-hilfarth.de\/index.php\/wp-json\/wp\/v2\/pages\/460\/revisions\/10588"}],"wp:attachment":[{"href":"http:\/\/archiv.tus-jahn-hilfarth.de\/index.php\/wp-json\/wp\/v2\/media?parent=460"}],"curies":[{"name":"wp","href":"https:\/\/api.w.org\/{rel}","templated":true}]}}